{"id":6414,"date":"2025-06-02T12:30:37","date_gmt":"2025-06-02T12:30:37","guid":{"rendered":"https:\/\/rivaschiro.com\/testimonials\/"},"modified":"2025-08-27T09:38:50","modified_gmt":"2025-08-27T09:38:50","slug":"testimonios","status":"publish","type":"page","link":"https:\/\/rivaschiro.com\/es\/testimonios\/","title":{"rendered":"Testimonios"},"content":{"rendered":"[vc_row type=\u00bbfull_width_background\u00bb full_screen_row_position=\u00bbmiddle\u00bb column_margin=\u00bbdefault\u00bb column_direction=\u00bbdefault\u00bb column_direction_tablet=\u00bbdefault\u00bb column_direction_phone=\u00bbdefault\u00bb bg_color=\u00bb#05588c\u00bb full_height=\u00bbyes\u00bb scene_position=\u00bbcenter\u00bb top_padding=\u00bb2%\u00bb top_padding_tablet=\u00bb5%\u00bb top_padding_phone=\u00bb5%\u00bb text_color=\u00bblight\u00bb text_align=\u00bbleft\u00bb row_border_radius=\u00bbnone\u00bb row_border_radius_applies=\u00bbbg\u00bb overflow=\u00bbvisible\u00bb overlay_strength=\u00bb0.3&#8243; gradient_direction=\u00bbleft_to_right\u00bb shape_divider_position=\u00bbbottom\u00bb bg_image_animation=\u00bbnone\u00bb gradient_type=\u00bbdefault\u00bb shape_type=\u00bb\u00bb][vc_column column_padding=\u00bbpadding-3-percent\u00bb column_padding_tablet=\u00bbpadding-4-percent\u00bb column_padding_phone=\u00bbpadding-5-percent\u00bb column_padding_position=\u00bbtop\u00bb column_element_direction_desktop=\u00bbdefault\u00bb column_element_spacing=\u00bbdefault\u00bb desktop_text_alignment=\u00bbdefault\u00bb tablet_text_alignment=\u00bbdefault\u00bb phone_text_alignment=\u00bbdefault\u00bb background_color_opacity=\u00bb1&#8243; background_hover_color_opacity=\u00bb1&#8243; column_backdrop_filter=\u00bbnone\u00bb column_shadow=\u00bbnone\u00bb column_border_radius=\u00bbnone\u00bb column_link_target=\u00bb_self\u00bb column_position=\u00bbdefault\u00bb gradient_direction=\u00bbleft_to_right\u00bb overlay_strength=\u00bb0.3&#8243; width=\u00bb1\/1&#8243; tablet_width_inherit=\u00bbdefault\u00bb animation_type=\u00bbdefault\u00bb bg_image_animation=\u00bbnone\u00bb border_type=\u00bbsimple\u00bb column_border_width=\u00bbnone\u00bb column_border_style=\u00bbsolid\u00bb column_padding_type=\u00bbdefault\u00bb gradient_type=\u00bbdefault\u00bb][testimonial_slider style=\u00bbminimal\u00bb star_rating_color=\u00bbaccent-color\u00bb][testimonial star_rating=\u00bbnone\u00bb title=\u00bbTestimonial\u00bb id=\u00bb1756287288651-9&#8243; name=\u00bbKelly V.\u00bb quote=\u00bbFue mi primera vez en un quiropr\u00e1ctico, durante unas vacaciones con mi familia fuera de la ciudad. Vi un anuncio y no podr\u00eda estar m\u00e1s feliz. El Dr. Ricardo fue incre\u00edble; incluso le mostr\u00f3 un truco de magia a mi hija. Definitivamente regresar\u00e9 pronto, y a\u00fan m\u00e1s seguido si viviera en Las Vegas.\u00bb tab_id=\u00bb1756287288652-0&#8243;][testimonial star_rating=\u00bbnone\u00bb title=\u00bbTestimonial\u00bb id=\u00bb1756287288780-3&#8243; name=\u00bbMilena H.\u00bb quote=\u00bb\u00a1El Dr. Ricardo Rivas es incre\u00edble! Despu\u00e9s de mi tratamiento me sent\u00ed maravillosa\u2014sin dolor, ligera y completamente renovada. Su experiencia, profesionalismo y genuino cuidado marcan toda la diferencia. Si buscas a un quiropr\u00e1ctico de primera en Las Vegas, lo recomiendo ampliamente. \u00a1Muchas gracias, Dr. Rivas!\u00bb tab_id=\u00bb1756287288782-8&#8243;][testimonial star_rating=\u00bbnone\u00bb title=\u00bbTestimonial\u00bb id=\u00bb1756287288828-1&#8243; name=\u00bbJoy B.\u00bb quote=\u00bb\u00a1Mi primera experiencia con un quiropr\u00e1ctico y fue INCRE\u00cdBLE! El Dr. Rivas fue muy relajado pero a la vez muy atento. Fue amable y me hizo sentir en confianza de inmediato. Me explic\u00f3 todo y constantemente preguntaba si ten\u00eda dudas. Tanto mi hija como yo sentimos que todas nuestras inquietudes fueron atendidas y esperamos con entusiasmo nuestras pr\u00f3ximas sesiones de ajuste.\u00bb tab_id=\u00bb1756287288829-4&#8243;][testimonial star_rating=\u00bbnone\u00bb title=\u00bbTestimonial\u00bb id=\u00bb1756287288874-8&#8243; name=\u00bbJohn A.\u00bb quote=\u00bb\u00a1No puedo recomendar lo suficiente al Dr. Ricardo Rivas! Desde el momento en que entras a su consultorio, te reciben con una calidez y profesionalismo que de inmediato te hacen sentir en confianza. El Dr. Rivas tiene una naturaleza incre\u00edblemente accesible: se toma el tiempo para escuchar de verdad tus preocupaciones, entender lo que est\u00e1 pasando y explicarlo todo de una manera f\u00e1cil de comprender. Es evidente que genuinamente se preocupa por sus pacientes y te hace sentir como mucho m\u00e1s que solo otra cita en su agenda.<\/p>\n<p>Cada visita con el Dr. Rivas est\u00e1 adaptada a mis necesidades espec\u00edficas, y sus ajustes siempre son perfectos. Tiene una habilidad impresionante para identificar las \u00e1reas problem\u00e1ticas y aplicar su magia para brindar alivio. Ya sea que est\u00e9 lidiando con tensi\u00f3n, rigidez o simplemente el desgaste de la vida diaria, siempre salgo de su consultorio sinti\u00e9ndome como una persona completamente nueva.<\/p>\n<p>Lo que realmente distingue al Dr. Rivas es lo accesible y atento que es. Crea un ambiente positivo y relajado que te hace esperar con gusto cada visita. No se trata solo de los beneficios f\u00edsicos \u2014que son indudables\u2014, sino de toda la experiencia. Es profesional, conocedor y verdaderamente apasionado por ayudar a sus pacientes a sentirse lo mejor posible.<\/p>\n<p>Si est\u00e1s buscando a un quiropr\u00e1ctico que combine una habilidad excepcional con un trato personal, el Dr. Ricardo Rivas es a quien debes acudir. \u00a1No puedo agradecerle lo suficiente por cu\u00e1nto ha mejorado mi bienestar en general!\u00bb tab_id=\u00bb1756287288876-10&#8243;][testimonial star_rating=\u00bbnone\u00bb title=\u00bbTestimonial\u00bb id=\u00bb1756287288922-2&#8243; tab_id=\u00bb1756287288924-6&#8243; name=\u00bbSean O.\u00bb quote=\u00bbEl Dr. Ricardo Rivas es un quiropr\u00e1ctico extraordinario. Estaba de visita en Las Vegas cuando comenc\u00e9 a tener un fuerte dolor de espalda. Despu\u00e9s de dos consultas logr\u00f3 ponerme de nuevo en forma. Su personal tambi\u00e9n es muy amable y atento. Recomiendo ampliamente acudir con el Dr. Rivas tanto si vives en Las Vegas como si est\u00e1s de visita.\u00bb][testimonial star_rating=\u00bbnone\u00bb title=\u00bbTestimonial\u00bb id=\u00bb1756287288968-5&#8243; tab_id=\u00bb1756287288972-10&#8243; name=\u00bbRuth P.\u00bb quote=\u00bbDesde el momento en que entras hasta que sales, te sientes completamente bienvenido. Era mi primera visita a un quiropr\u00e1ctico y estaba un poco nervioso. El Dr. Rivas se asegur\u00f3 de que me sintiera c\u00f3modo durante toda la consulta. La experiencia fue muy f\u00e1cil y relajante. Me explic\u00f3 cada paso y c\u00f3mo iba a ayudar a mi cuerpo, lo cual me dio mucha confianza. No fue solo una cita r\u00e1pida: escuch\u00f3 todas mis inquietudes y se asegur\u00f3 de atender cada una de ellas.\u00bb][testimonial star_rating=\u00bbnone\u00bb title=\u00bbTestimonial\u00bb id=\u00bb1756287289125-7&#8243; tab_id=\u00bb1756287289126-0&#8243; name=\u00bbLinda A.\u00bb quote=\u00bbHoy fue mi cuarta visita \u00a1y me siento tan bien!<br \/>\nNo puedo perderme mis citas con el quiropr\u00e1ctico Dr. Ricardo Rivas. \u00a1Es excelente! Te hace sentir bienvenido y en confianza, casi como si lo conocieras de toda la vida, y eso realmente ayuda a relajarte, lo cual creo que le permite hacer mejor su trabajo con un cuerpo adolorido y tenso. \ud83d\ude42<br \/>\nHoy el Dr. Rivas hizo un ajuste en mi espalda y mi dolor desapareci\u00f3. Se siente extra\u00f1o no tener el dolor al que me hab\u00eda acostumbrado durante tantos a\u00f1os. Hac\u00eda mucho tiempo que no pod\u00eda mantenerme erguido.\u00bb][testimonial star_rating=\u00bbnone\u00bb title=\u00bbTestimonial\u00bb id=\u00bb1756287289165-8&#8243; tab_id=\u00bb1756287289166-3&#8243; name=\u00bbMatthew S.\u00bb quote=\u00bb\u00a1El Dr. Rivas es excelente! Se toma el tiempo para entender de d\u00f3nde proviene el dolor y utiliza varias t\u00e9cnicas para ayudar a aliviarlo. Mi primera cita fue al final de su largo d\u00eda de trabajo, y se qued\u00f3 m\u00e1s tiempo para asegurarse de que recibiera la atenci\u00f3n necesaria.\u00bb][testimonial star_rating=\u00bbnone\u00bb title=\u00bbTestimonial\u00bb id=\u00bb1756287289194-6&#8243; tab_id=\u00bb1756287289195-9&#8243; name=\u00bbGonzalo C.\u00bb quote=\u00bbHe acudido a otro quiropr\u00e1ctico durante muchos a\u00f1os aqu\u00ed en Las Vegas, pero decid\u00ed cambiarme por las recomendaciones que recib\u00ed para probar los tratamientos del Dr. Rivas, y estoy muy contento de haber tomado esa decisi\u00f3n. El tratamiento fue absolutamente magn\u00edfico y sent\u00ed resultados inmediatos incluso antes de salir de la sala. \u00a1Recomendar\u00eda ampliamente al Dr. Rivas a cualquiera que necesite caminar erguido y sentir menos dolor en la zona lumbar! \u00a1Gracias de nuevo, Dr. Rivas!\u00bb][testimonial star_rating=\u00bbnone\u00bb title=\u00bbTestimonial\u00bb id=\u00bb1756287289224-9&#8243; tab_id=\u00bb1756287289224-7&#8243; name=\u00bbBrenda R.\u00bb quote=\u00bbNecesitaba espec\u00edficamente un quiropr\u00e1ctico experto en el m\u00e9todo Activator. \u00a1El Dr. Rivas fue MARAVILLOSO! Muy minucioso, amable, escuch\u00f3 todo lo que ten\u00eda que decir. \u00a1Definitivamente regresar\u00e9! \u00a1Gracias!\u00bb][\/testimonial_slider][divider line_type=\u00bbNo Line\u00bb][\/vc_column][\/vc_row][vc_row type=\u00bbin_container\u00bb full_screen_row_position=\u00bbmiddle\u00bb column_margin=\u00bbdefault\u00bb column_direction=\u00bbdefault\u00bb column_direction_tablet=\u00bbdefault\u00bb column_direction_phone=\u00bbdefault\u00bb scene_position=\u00bbcenter\u00bb text_color=\u00bbdark\u00bb text_align=\u00bbleft\u00bb row_border_radius=\u00bbnone\u00bb row_border_radius_applies=\u00bbbg\u00bb overflow=\u00bbvisible\u00bb overlay_strength=\u00bb0.3&#8243; gradient_direction=\u00bbleft_to_right\u00bb shape_divider_position=\u00bbbottom\u00bb bg_image_animation=\u00bbnone\u00bb][vc_column column_padding=\u00bbno-extra-padding\u00bb column_padding_tablet=\u00bbinherit\u00bb column_padding_phone=\u00bbinherit\u00bb column_padding_position=\u00bball\u00bb column_element_direction_desktop=\u00bbdefault\u00bb column_element_spacing=\u00bbdefault\u00bb desktop_text_alignment=\u00bbdefault\u00bb tablet_text_alignment=\u00bbdefault\u00bb phone_text_alignment=\u00bbdefault\u00bb background_color_opacity=\u00bb1&#8243; background_hover_color_opacity=\u00bb1&#8243; column_backdrop_filter=\u00bbnone\u00bb column_shadow=\u00bbnone\u00bb column_border_radius=\u00bbnone\u00bb column_link_target=\u00bb_self\u00bb column_position=\u00bbdefault\u00bb gradient_direction=\u00bbleft_to_right\u00bb overlay_strength=\u00bb0.3&#8243; width=\u00bb1\/1&#8243; tablet_width_inherit=\u00bbdefault\u00bb animation_type=\u00bbdefault\u00bb bg_image_animation=\u00bbnone\u00bb border_type=\u00bbsimple\u00bb column_border_width=\u00bbnone\u00bb column_border_style=\u00bbsolid\u00bb][vc_column_text]\n[\/vc_column_text][\/vc_column][\/vc_row]\n","protected":false},"excerpt":{"rendered":"<p>[vc_row type=\u00bbfull_width_background\u00bb full_screen_row_position=\u00bbmiddle\u00bb column_margin=\u00bbdefault\u00bb column_direction=\u00bbdefault\u00bb column_direction_tablet=\u00bbdefault\u00bb column_direction_phone=\u00bbdefault\u00bb bg_color=\u00bb#05588c\u00bb full_height=\u00bbyes\u00bb scene_position=\u00bbcenter\u00bb top_padding=\u00bb2%\u00bb top_padding_tablet=\u00bb5%\u00bb top_padding_phone=\u00bb5%\u00bb text_color=\u00bblight\u00bb text_align=\u00bbleft\u00bb row_border_radius=\u00bbnone\u00bb row_border_radius_applies=\u00bbbg\u00bb overflow=\u00bbvisible\u00bb overlay_strength=\u00bb0.3&#8243; gradient_direction=\u00bbleft_to_right\u00bb shape_divider_position=\u00bbbottom\u00bb bg_image_animation=\u00bbnone\u00bb gradient_type=\u00bbdefault\u00bb shape_type=\u00bb\u00bb][vc_column column_padding=\u00bbpadding-3-percent\u00bb column_padding_tablet=\u00bbpadding-4-percent\u00bb column_padding_phone=\u00bbpadding-5-percent\u00bb column_padding_position=\u00bbtop\u00bb column_element_direction_desktop=\u00bbdefault\u00bb column_element_spacing=\u00bbdefault\u00bb&#8230;<\/p>\n","protected":false},"author":1,"featured_media":0,"parent":0,"menu_order":0,"comment_status":"closed","ping_status":"closed","template":"","meta":{"footnotes":""},"class_list":["post-6414","page","type-page","status-publish"],"yoast_head":"<!-- This site is optimized with the Yoast SEO Premium plugin v26.6 (Yoast SEO v26.6) - https:\/\/yoast.com\/wordpress\/plugins\/seo\/ -->\n<title>Testimonios - Rivas Chiropractic Personal Injury and Las Vegas Chiropractor<\/title>\n<meta name=\"robots\" content=\"index, follow, max-snippet:-1, max-image-preview:large, max-video-preview:-1\" \/>\n<link rel=\"canonical\" href=\"https:\/\/rivaschiro.com\/es\/testimonios\/\" \/>\n<meta property=\"og:locale\" content=\"es_ES\" \/>\n<meta property=\"og:type\" content=\"article\" \/>\n<meta property=\"og:title\" content=\"Testimonios\" \/>\n<meta property=\"og:description\" content=\"[vc_row type=\u00bbfull_width_background\u00bb full_screen_row_position=\u00bbmiddle\u00bb column_margin=\u00bbdefault\u00bb column_direction=\u00bbdefault\u00bb column_direction_tablet=\u00bbdefault\u00bb column_direction_phone=\u00bbdefault\u00bb bg_color=\u00bb#05588c\u00bb full_height=\u00bbyes\u00bb scene_position=\u00bbcenter\u00bb top_padding=\u00bb2%\u00bb top_padding_tablet=\u00bb5%\u00bb top_padding_phone=\u00bb5%\u00bb text_color=\u00bblight\u00bb text_align=\u00bbleft\u00bb row_border_radius=\u00bbnone\u00bb row_border_radius_applies=\u00bbbg\u00bb overflow=\u00bbvisible\u00bb overlay_strength=\u00bb0.3&#8243; gradient_direction=\u00bbleft_to_right\u00bb shape_divider_position=\u00bbbottom\u00bb bg_image_animation=\u00bbnone\u00bb gradient_type=\u00bbdefault\u00bb shape_type=\u00bb\u00bb][vc_column column_padding=\u00bbpadding-3-percent\u00bb column_padding_tablet=\u00bbpadding-4-percent\u00bb column_padding_phone=\u00bbpadding-5-percent\u00bb column_padding_position=\u00bbtop\u00bb column_element_direction_desktop=\u00bbdefault\u00bb column_element_spacing=\u00bbdefault\u00bb...\" \/>\n<meta property=\"og:url\" content=\"https:\/\/rivaschiro.com\/es\/testimonios\/\" \/>\n<meta property=\"og:site_name\" content=\"Rivas Chiropractic Personal Injury and Las Vegas Chiropractor\" \/>\n<meta property=\"article:modified_time\" content=\"2025-08-27T09:38:50+00:00\" \/>\n<meta name=\"twitter:card\" content=\"summary_large_image\" \/>\n<meta name=\"twitter:label1\" content=\"Tiempo de lectura\" \/>\n\t<meta name=\"twitter:data1\" content=\"4 minutos\" \/>\n<script type=\"application\/ld+json\" class=\"yoast-schema-graph\">{\"@context\":\"https:\/\/schema.org\",\"@graph\":[{\"@type\":\"WebPage\",\"@id\":\"https:\/\/rivaschiro.com\/es\/testimonios\/\",\"url\":\"https:\/\/rivaschiro.com\/es\/testimonios\/\",\"name\":\"Testimonios - Rivas Chiropractic Personal Injury and Las Vegas Chiropractor\",\"isPartOf\":{\"@id\":\"https:\/\/rivaschiro.com\/#website\"},\"datePublished\":\"2025-06-02T12:30:37+00:00\",\"dateModified\":\"2025-08-27T09:38:50+00:00\",\"breadcrumb\":{\"@id\":\"https:\/\/rivaschiro.com\/es\/testimonios\/#breadcrumb\"},\"inLanguage\":\"es\",\"potentialAction\":[{\"@type\":\"ReadAction\",\"target\":[\"https:\/\/rivaschiro.com\/es\/testimonios\/\"]}]},{\"@type\":\"BreadcrumbList\",\"@id\":\"https:\/\/rivaschiro.com\/es\/testimonios\/#breadcrumb\",\"itemListElement\":[{\"@type\":\"ListItem\",\"position\":1,\"name\":\"Home\",\"item\":\"https:\/\/rivaschiro.com\/es\/\"},{\"@type\":\"ListItem\",\"position\":2,\"name\":\"Testimonios\"}]},{\"@type\":\"WebSite\",\"@id\":\"https:\/\/rivaschiro.com\/#website\",\"url\":\"https:\/\/rivaschiro.com\/\",\"name\":\"Rivas Chiropractic Personal Injury and Las Vegas Chiropractor\",\"description\":\"\",\"publisher\":{\"@id\":\"https:\/\/rivaschiro.com\/#organization\"},\"potentialAction\":[{\"@type\":\"SearchAction\",\"target\":{\"@type\":\"EntryPoint\",\"urlTemplate\":\"https:\/\/rivaschiro.com\/?s={search_term_string}\"},\"query-input\":{\"@type\":\"PropertyValueSpecification\",\"valueRequired\":true,\"valueName\":\"search_term_string\"}}],\"inLanguage\":\"es\"},{\"@type\":[\"Organization\",\"Place\",\"MedicalClinic\"],\"@id\":\"https:\/\/rivaschiro.com\/#organization\",\"name\":\"Rivas Chiropractic Personal Injury and Las Vegas Chiropractor\",\"alternateName\":\"Rivas Chiropractic\",\"url\":\"https:\/\/rivaschiro.com\/\",\"logo\":{\"@id\":\"https:\/\/rivaschiro.com\/es\/testimonios\/#local-main-organization-logo\"},\"image\":{\"@id\":\"https:\/\/rivaschiro.com\/es\/testimonios\/#local-main-organization-logo\"},\"address\":{\"@id\":\"https:\/\/rivaschiro.com\/es\/testimonios\/#local-main-place-address\"},\"telephone\":[],\"openingHoursSpecification\":[{\"@type\":\"OpeningHoursSpecification\",\"dayOfWeek\":[\"Monday\",\"Tuesday\",\"Wednesday\",\"Thursday\",\"Friday\",\"Saturday\",\"Sunday\"],\"opens\":\"09:00\",\"closes\":\"17:00\"}],\"priceRange\":\"$\"},{\"@type\":\"PostalAddress\",\"@id\":\"https:\/\/rivaschiro.com\/es\/testimonios\/#local-main-place-address\",\"streetAddress\":\"4495 W Hacienda Ave Ste 3 Las Vegas, NV 89118\",\"addressLocality\":\"Las Vegas\",\"postalCode\":\"89118\",\"addressRegion\":\"Nevada\",\"addressCountry\":\"US\"},{\"@type\":\"ImageObject\",\"inLanguage\":\"es\",\"@id\":\"https:\/\/rivaschiro.com\/es\/testimonios\/#local-main-organization-logo\",\"url\":\"https:\/\/rivaschiro.com\/wp-content\/uploads\/2025\/05\/LOGO-RIVAS-scaled-1.png\",\"contentUrl\":\"https:\/\/rivaschiro.com\/wp-content\/uploads\/2025\/05\/LOGO-RIVAS-scaled-1.png\",\"width\":2560,\"height\":1008,\"caption\":\"Rivas Chiropractic Personal Injury and Las Vegas Chiropractor\"}]}<\/script>\n<meta name=\"geo.placename\" content=\"Las Vegas\" \/>\n<meta name=\"geo.region\" content=\"Estados Unidos (EEUU)\" \/>\n<!-- \/ Yoast SEO Premium plugin. -->","yoast_head_json":{"title":"Testimonios - Rivas Chiropractic Personal Injury and Las Vegas Chiropractor","robots":{"index":"index","follow":"follow","max-snippet":"max-snippet:-1","max-image-preview":"max-image-preview:large","max-video-preview":"max-video-preview:-1"},"canonical":"https:\/\/rivaschiro.com\/es\/testimonios\/","og_locale":"es_ES","og_type":"article","og_title":"Testimonios","og_description":"[vc_row type=\u00bbfull_width_background\u00bb full_screen_row_position=\u00bbmiddle\u00bb column_margin=\u00bbdefault\u00bb column_direction=\u00bbdefault\u00bb column_direction_tablet=\u00bbdefault\u00bb column_direction_phone=\u00bbdefault\u00bb bg_color=\u00bb#05588c\u00bb full_height=\u00bbyes\u00bb scene_position=\u00bbcenter\u00bb top_padding=\u00bb2%\u00bb top_padding_tablet=\u00bb5%\u00bb top_padding_phone=\u00bb5%\u00bb text_color=\u00bblight\u00bb text_align=\u00bbleft\u00bb row_border_radius=\u00bbnone\u00bb row_border_radius_applies=\u00bbbg\u00bb overflow=\u00bbvisible\u00bb overlay_strength=\u00bb0.3&#8243; gradient_direction=\u00bbleft_to_right\u00bb shape_divider_position=\u00bbbottom\u00bb bg_image_animation=\u00bbnone\u00bb gradient_type=\u00bbdefault\u00bb shape_type=\u00bb\u00bb][vc_column column_padding=\u00bbpadding-3-percent\u00bb column_padding_tablet=\u00bbpadding-4-percent\u00bb column_padding_phone=\u00bbpadding-5-percent\u00bb column_padding_position=\u00bbtop\u00bb column_element_direction_desktop=\u00bbdefault\u00bb column_element_spacing=\u00bbdefault\u00bb...","og_url":"https:\/\/rivaschiro.com\/es\/testimonios\/","og_site_name":"Rivas Chiropractic Personal Injury and Las Vegas Chiropractor","article_modified_time":"2025-08-27T09:38:50+00:00","twitter_card":"summary_large_image","twitter_misc":{"Tiempo de lectura":"4 minutos"},"schema":{"@context":"https:\/\/schema.org","@graph":[{"@type":"WebPage","@id":"https:\/\/rivaschiro.com\/es\/testimonios\/","url":"https:\/\/rivaschiro.com\/es\/testimonios\/","name":"Testimonios - Rivas Chiropractic Personal Injury and Las Vegas Chiropractor","isPartOf":{"@id":"https:\/\/rivaschiro.com\/#website"},"datePublished":"2025-06-02T12:30:37+00:00","dateModified":"2025-08-27T09:38:50+00:00","breadcrumb":{"@id":"https:\/\/rivaschiro.com\/es\/testimonios\/#breadcrumb"},"inLanguage":"es","potentialAction":[{"@type":"ReadAction","target":["https:\/\/rivaschiro.com\/es\/testimonios\/"]}]},{"@type":"BreadcrumbList","@id":"https:\/\/rivaschiro.com\/es\/testimonios\/#breadcrumb","itemListElement":[{"@type":"ListItem","position":1,"name":"Home","item":"https:\/\/rivaschiro.com\/es\/"},{"@type":"ListItem","position":2,"name":"Testimonios"}]},{"@type":"WebSite","@id":"https:\/\/rivaschiro.com\/#website","url":"https:\/\/rivaschiro.com\/","name":"Rivas Chiropractic Personal Injury and Las Vegas Chiropractor","description":"","publisher":{"@id":"https:\/\/rivaschiro.com\/#organization"},"potentialAction":[{"@type":"SearchAction","target":{"@type":"EntryPoint","urlTemplate":"https:\/\/rivaschiro.com\/?s={search_term_string}"},"query-input":{"@type":"PropertyValueSpecification","valueRequired":true,"valueName":"search_term_string"}}],"inLanguage":"es"},{"@type":["Organization","Place","MedicalClinic"],"@id":"https:\/\/rivaschiro.com\/#organization","name":"Rivas Chiropractic Personal Injury and Las Vegas Chiropractor","alternateName":"Rivas Chiropractic","url":"https:\/\/rivaschiro.com\/","logo":{"@id":"https:\/\/rivaschiro.com\/es\/testimonios\/#local-main-organization-logo"},"image":{"@id":"https:\/\/rivaschiro.com\/es\/testimonios\/#local-main-organization-logo"},"address":{"@id":"https:\/\/rivaschiro.com\/es\/testimonios\/#local-main-place-address"},"telephone":[],"openingHoursSpecification":[{"@type":"OpeningHoursSpecification","dayOfWeek":["Monday","Tuesday","Wednesday","Thursday","Friday","Saturday","Sunday"],"opens":"09:00","closes":"17:00"}],"priceRange":"$"},{"@type":"PostalAddress","@id":"https:\/\/rivaschiro.com\/es\/testimonios\/#local-main-place-address","streetAddress":"4495 W Hacienda Ave Ste 3 Las Vegas, NV 89118","addressLocality":"Las Vegas","postalCode":"89118","addressRegion":"Nevada","addressCountry":"US"},{"@type":"ImageObject","inLanguage":"es","@id":"https:\/\/rivaschiro.com\/es\/testimonios\/#local-main-organization-logo","url":"https:\/\/rivaschiro.com\/wp-content\/uploads\/2025\/05\/LOGO-RIVAS-scaled-1.png","contentUrl":"https:\/\/rivaschiro.com\/wp-content\/uploads\/2025\/05\/LOGO-RIVAS-scaled-1.png","width":2560,"height":1008,"caption":"Rivas Chiropractic Personal Injury and Las Vegas Chiropractor"}]},"geo.placename":"Las Vegas","geo.region":"Estados Unidos (EEUU)"},"_links":{"self":[{"href":"https:\/\/rivaschiro.com\/es\/wp-json\/wp\/v2\/pages\/6414","targetHints":{"allow":["GET"]}}],"collection":[{"href":"https:\/\/rivaschiro.com\/es\/wp-json\/wp\/v2\/pages"}],"about":[{"href":"https:\/\/rivaschiro.com\/es\/wp-json\/wp\/v2\/types\/page"}],"author":[{"embeddable":true,"href":"https:\/\/rivaschiro.com\/es\/wp-json\/wp\/v2\/users\/1"}],"replies":[{"embeddable":true,"href":"https:\/\/rivaschiro.com\/es\/wp-json\/wp\/v2\/comments?post=6414"}],"version-history":[{"count":5,"href":"https:\/\/rivaschiro.com\/es\/wp-json\/wp\/v2\/pages\/6414\/revisions"}],"predecessor-version":[{"id":6464,"href":"https:\/\/rivaschiro.com\/es\/wp-json\/wp\/v2\/pages\/6414\/revisions\/6464"}],"wp:attachment":[{"href":"https:\/\/rivaschiro.com\/es\/wp-json\/wp\/v2\/media?parent=6414"}],"curies":[{"name":"wp","href":"https:\/\/api.w.org\/{rel}","templated":true}]}}